{"id":346,"date":"2018-07-28T16:07:17","date_gmt":"2018-07-28T16:07:17","guid":{"rendered":"https:\/\/manufacturer.stylemixthemes.com\/?page_id=346"},"modified":"2025-12-29T03:00:49","modified_gmt":"2025-12-29T03:00:49","slug":"about-us","status":"publish","type":"page","link":"https:\/\/shop.mnews.md\/index.php\/about-us\/","title":{"rendered":"Despre noi"},"content":{"rendered":"\t\t<div data-elementor-type=\"wp-post\" data-elementor-id=\"346\" class=\"elementor elementor-346\">\n\t\t\t\t\t\t<section class=\"elementor-section elementor-top-section elementor-element elementor-element-10b3474 elementor-section-boxed elementor-section-height-default elementor-section-height-default\" data-id=\"10b3474\" data-element_type=\"section\" data-settings=\"{&quot;background_background&quot;:&quot;classic&quot;}\">\n\t\t\t\t\t\t<div class=\"elementor-container elementor-column-gap-default\">\n\t\t\t\t\t<div class=\"elementor-column elementor-col-50 elementor-top-column elementor-element elementor-element-9f7d21a elementor-invisible\" data-id=\"9f7d21a\" data-element_type=\"column\" data-settings=\"{&quot;animation&quot;:&quot;fadeIn&quot;}\">\n\t\t\t<div class=\"elementor-widget-wrap elementor-element-populated\">\n\t\t\t\t\t\t<div class=\"elementor-element elementor-element-697ee18 elementor-widget elementor-widget-image\" data-id=\"697ee18\" data-element_type=\"widget\" data-widget_type=\"image.default\">\n\t\t\t\t\t\t\t\t\t\t\t\t\t\t\t<img fetchpriority=\"high\" decoding=\"async\" width=\"940\" height=\"940\" src=\"https:\/\/shop.mnews.md\/wp-content\/uploads\/2025\/12\/367f3893cfc14657af02f2b780d9d515.png\" class=\"attachment-large size-large wp-image-2812\" alt=\"\" srcset=\"https:\/\/shop.mnews.md\/wp-content\/uploads\/2025\/12\/367f3893cfc14657af02f2b780d9d515.png 1024w, https:\/\/shop.mnews.md\/wp-content\/uploads\/2025\/12\/367f3893cfc14657af02f2b780d9d515-150x150.png 150w, https:\/\/shop.mnews.md\/wp-content\/uploads\/2025\/12\/367f3893cfc14657af02f2b780d9d515-660x660.png 660w, https:\/\/shop.mnews.md\/wp-content\/uploads\/2025\/12\/367f3893cfc14657af02f2b780d9d515-300x300.png 300w, https:\/\/shop.mnews.md\/wp-content\/uploads\/2025\/12\/367f3893cfc14657af02f2b780d9d515-768x768.png 768w, https:\/\/shop.mnews.md\/wp-content\/uploads\/2025\/12\/367f3893cfc14657af02f2b780d9d515-285x285.png 285w, https:\/\/shop.mnews.md\/wp-content\/uploads\/2025\/12\/367f3893cfc14657af02f2b780d9d515-270x270.png 270w, https:\/\/shop.mnews.md\/wp-content\/uploads\/2025\/12\/367f3893cfc14657af02f2b780d9d515-540x540.png 540w\" sizes=\"(max-width: 940px) 100vw, 940px\" \/>\t\t\t\t\t\t\t\t\t\t\t\t\t\t\t<\/div>\n\t\t\t\t\t<\/div>\n\t\t<\/div>\n\t\t\t\t<div class=\"elementor-column elementor-col-50 elementor-top-column elementor-element elementor-element-988c61c elementor-invisible\" data-id=\"988c61c\" data-element_type=\"column\" data-settings=\"{&quot;animation&quot;:&quot;fadeIn&quot;,&quot;animation_delay&quot;:200}\">\n\t\t\t<div class=\"elementor-widget-wrap elementor-element-populated\">\n\t\t\t\t\t\t<div class=\"elementor-element elementor-element-32a42dd elementor-invisible elementor-widget elementor-widget-heading\" data-id=\"32a42dd\" data-element_type=\"widget\" data-settings=\"{&quot;_animation&quot;:&quot;fadeIn&quot;}\" data-widget_type=\"heading.default\">\n\t\t\t\t\t<h3 class=\"elementor-heading-title elementor-size-default elementor-heading-title elementor-align-after-center\">Transport Pasageri \u0219i Colete Moldova<\/h3>\t\t\t\t<\/div>\n\t\t\t\t<div class=\"elementor-element elementor-element-9cdd897 elementor-widget elementor-widget-text-editor\" data-id=\"9cdd897\" data-element_type=\"widget\" data-widget_type=\"text-editor.default\">\n\t\t\t\t\t\t\t\t\t<div class=\"x-text\"><p>La France.md, punem pasiune \u0219i dedicare \u00een fiecare c\u0103l\u0103torie. Suntem o companie de transport specializat\u0103 \u00een servicii de calitate superioar\u0103 pentru pasageri \u0219i colete, asigur\u00e2nd conexiuni rapide \u0219i confortabile \u00eentre Moldova \u0219i cele mai importante destina\u021bii din Fran\u021ba, precum Paris, Nice, Cannes \u0219i Marseille.<\/p><p>Cu o flot\u0103 modern\u0103 de autocare de lux, oferim un nivel ridicat de confort, siguran\u021b\u0103 \u0219i facilit\u0103\u021bi premium: WiFi gratuit, multimedia personal\u0103, mese calde la restaurant, \u0219i un serviciu de ridicare \u0219i livrare a bagajelor direct la domiciliu \u00een anumite loca\u021bii.<\/p><p>Misiunea noastr\u0103 este s\u0103 transform\u0103m fiecare c\u0103l\u0103torie \u00eentr-o experien\u021b\u0103 pl\u0103cut\u0103 \u0219i memorabil\u0103, pun\u00e2nd mereu pe primul loc confortul \u0219i satisfac\u021bia clien\u021bilor no\u0219tri.<\/p><p>Alege Etno Lines pentru o c\u0103l\u0103torie sigur\u0103, confortabil\u0103 \u0219i lipsit\u0103 de griji!\u00a0<\/p><\/div>\t\t\t\t\t\t\t\t<\/div>\n\t\t\t\t\t<\/div>\n\t\t<\/div>\n\t\t\t\t\t<\/div>\n\t\t<\/section>\n\t\t\t\t<section class=\"elementor-section elementor-top-section elementor-element elementor-element-b76dc97 elementor-section-boxed elementor-section-height-default elementor-section-height-default\" data-id=\"b76dc97\" data-element_type=\"section\" data-settings=\"{&quot;background_background&quot;:&quot;classic&quot;}\">\n\t\t\t\t\t\t<div class=\"elementor-container elementor-column-gap-default\">\n\t\t\t\t\t<div class=\"elementor-column elementor-col-50 elementor-top-column elementor-element elementor-element-2c5f126 elementor-invisible\" data-id=\"2c5f126\" data-element_type=\"column\" data-settings=\"{&quot;animation&quot;:&quot;fadeIn&quot;}\">\n\t\t\t<div class=\"elementor-widget-wrap elementor-element-populated\">\n\t\t\t\t\t\t<div class=\"elementor-element elementor-element-adb0c06 elementor-widget elementor-widget-heading\" data-id=\"adb0c06\" data-element_type=\"widget\" data-widget_type=\"heading.default\">\n\t\t\t\t\t<h2 class=\"elementor-heading-title elementor-size-default elementor-heading-title elementor-align-after-mobile-center\">Contacte<\/h2>\t\t\t\t<\/div>\n\t\t\t\t<div class=\"elementor-element elementor-element-a250e27 elementor-widget elementor-widget-heading\" data-id=\"a250e27\" data-element_type=\"widget\" data-widget_type=\"heading.default\">\n\t\t\t\t\t<span class=\"elementor-heading-title elementor-size-default elementor-heading-title\"><i class=\"ti-location-pin\"><\/i><span><b>Chisinau<\/b><br>\n<\/span><\/span>\t\t\t\t<\/div>\n\t\t\t\t<div class=\"elementor-element elementor-element-789dcd9 elementor-widget elementor-widget-heading\" data-id=\"789dcd9\" data-element_type=\"widget\" data-widget_type=\"heading.default\">\n\t\t\t\t\t<span class=\"elementor-heading-title elementor-size-default elementor-heading-title\"><i class=\"ti-location-pin\"><\/i><span><b>Fran\u021ba<\/b><br>\n<\/span><\/span>\t\t\t\t<\/div>\n\t\t\t\t<div class=\"elementor-element elementor-element-1bb1180 elementor-widget elementor-widget-heading\" data-id=\"1bb1180\" data-element_type=\"widget\" data-widget_type=\"heading.default\">\n\t\t\t\t\t<span class=\"elementor-heading-title elementor-size-default elementor-heading-title\"><i class=\"ti-mobile\"><\/i><span><b>07965006<\/b><br>\n07965006<\/span><\/span>\t\t\t\t<\/div>\n\t\t\t\t\t<\/div>\n\t\t<\/div>\n\t\t\t\t<div class=\"elementor-column elementor-col-50 elementor-top-column elementor-element elementor-element-10b676e elementor-invisible\" data-id=\"10b676e\" data-element_type=\"column\" data-settings=\"{&quot;animation&quot;:&quot;fadeIn&quot;,&quot;animation_delay&quot;:200}\">\n\t\t\t<div class=\"elementor-widget-wrap\">\n\t\t\t\t\t\t\t<\/div>\n\t\t<\/div>\n\t\t\t\t\t<\/div>\n\t\t<\/section>\n\t\t\t\t<\/div>\n\t\t","protected":false},"excerpt":{"rendered":"<p>Transport Pasageri \u0219i Colete Moldova La France.md, punem pasiune \u0219i dedicare \u00een fiecare c\u0103l\u0103torie. Suntem o companie de&#8230;<\/p>\n","protected":false},"author":1,"featured_media":0,"parent":0,"menu_order":0,"comment_status":"closed","ping_status":"closed","template":"elementor_header_footer","meta":{"footnotes":""},"class_list":["post-346","page","type-page","status-publish","hentry"],"_links":{"self":[{"href":"https:\/\/shop.mnews.md\/index.php\/wp-json\/wp\/v2\/pages\/346","targetHints":{"allow":["GET"]}}],"collection":[{"href":"https:\/\/shop.mnews.md\/index.php\/wp-json\/wp\/v2\/pages"}],"about":[{"href":"https:\/\/shop.mnews.md\/index.php\/wp-json\/wp\/v2\/types\/page"}],"author":[{"embeddable":true,"href":"https:\/\/shop.mnews.md\/index.php\/wp-json\/wp\/v2\/users\/1"}],"replies":[{"embeddable":true,"href":"https:\/\/shop.mnews.md\/index.php\/wp-json\/wp\/v2\/comments?post=346"}],"version-history":[{"count":7,"href":"https:\/\/shop.mnews.md\/index.php\/wp-json\/wp\/v2\/pages\/346\/revisions"}],"predecessor-version":[{"id":2948,"href":"https:\/\/shop.mnews.md\/index.php\/wp-json\/wp\/v2\/pages\/346\/revisions\/2948"}],"wp:attachment":[{"href":"https:\/\/shop.mnews.md\/index.php\/wp-json\/wp\/v2\/media?parent=346"}],"curies":[{"name":"wp","href":"https:\/\/api.w.org\/{rel}","templated":true}]}}